{"id":29,"date":"2022-02-01T15:11:11","date_gmt":"2022-02-01T21:11:11","guid":{"rendered":"https:\/\/vmsenergy.com\/?page_id=29"},"modified":"2024-12-16T11:24:41","modified_gmt":"2024-12-16T17:24:41","slug":"blog","status":"publish","type":"page","link":"https:\/\/vmsenergy.com\/en\/blog\/","title":{"rendered":"BLOG"},"content":{"rendered":"\t\t<div data-elementor-type=\"wp-page\" data-elementor-id=\"29\" class=\"elementor elementor-29\" data-elementor-post-type=\"page\">\n\t\t\t\t\t\t<section data-particle_enable=\"false\" data-particle-mobile-disabled=\"false\" class=\"elementor-section elementor-top-section elementor-element elementor-element-125adf7a elementor-section-height-min-height elementor-section-content-middle elementor-section-boxed elementor-section-height-default elementor-section-items-middle\" data-id=\"125adf7a\" data-element_type=\"section\" data-e-type=\"section\" data-settings=\"{&quot;background_background&quot;:&quot;classic&quot;}\">\n\t\t\t\t\t\t\t<div class=\"elementor-background-overlay\"><\/div>\n\t\t\t\t\t\t\t<div class=\"elementor-container elementor-column-gap-default\">\n\t\t\t\t\t<div class=\"elementor-column elementor-col-100 elementor-top-column elementor-element elementor-element-14b00ea3\" data-id=\"14b00ea3\" data-element_type=\"column\" data-e-type=\"column\">\n\t\t\t<div class=\"elementor-widget-wrap elementor-element-populated\">\n\t\t\t\t\t\t<div class=\"elementor-element elementor-element-3e1ad269 elementor-widget elementor-widget-heading\" data-id=\"3e1ad269\" data-element_type=\"widget\" data-e-type=\"widget\" data-widget_type=\"heading.default\">\n\t\t\t\t<div class=\"elementor-widget-container\">\n\t\t\t\t\t<h1 class=\"elementor-heading-title elementor-size-default\">Nuestro Blog<\/h1>\t\t\t\t<\/div>\n\t\t\t\t<\/div>\n\t\t\t\t\t<\/div>\n\t\t<\/div>\n\t\t\t\t\t<\/div>\n\t\t<\/section>\n\t\t\t\t<section data-particle_enable=\"false\" data-particle-mobile-disabled=\"false\" class=\"elementor-section elementor-top-section elementor-element elementor-element-6dfdd23c elementor-section-height-min-height elementor-section-full_width elementor-section-height-default elementor-section-items-middle\" data-id=\"6dfdd23c\" data-element_type=\"section\" data-e-type=\"section\" id=\"explore\">\n\t\t\t\t\t\t<div class=\"elementor-container elementor-column-gap-no\">\n\t\t\t\t\t<div class=\"elementor-column elementor-col-100 elementor-top-column elementor-element elementor-element-1fbb1b03\" data-id=\"1fbb1b03\" data-element_type=\"column\" data-e-type=\"column\">\n\t\t\t<div class=\"elementor-widget-wrap elementor-element-populated\">\n\t\t\t\t\t\t<section data-particle_enable=\"false\" data-particle-mobile-disabled=\"false\" class=\"elementor-section elementor-inner-section elementor-element elementor-element-2a884617 elementor-section-boxed elementor-section-height-default elementor-section-height-default\" data-id=\"2a884617\" data-element_type=\"section\" data-e-type=\"section\">\n\t\t\t\t\t\t<div class=\"elementor-container elementor-column-gap-default\">\n\t\t\t\t\t<div class=\"elementor-column elementor-col-100 elementor-inner-column elementor-element elementor-element-1f62a3e2\" data-id=\"1f62a3e2\" data-element_type=\"column\" data-e-type=\"column\">\n\t\t\t<div class=\"elementor-widget-wrap elementor-element-populated\">\n\t\t\t\t\t\t<div class=\"elementor-element elementor-element-40ed6b0b elementor-widget elementor-widget-text-editor\" data-id=\"40ed6b0b\" data-element_type=\"widget\" data-e-type=\"widget\" data-widget_type=\"text-editor.default\">\n\t\t\t\t<div class=\"elementor-widget-container\">\n\t\t\t\t\t\t\t\t\t<p><span style=\"font-weight: 400;\"><strong>VMS Energy<\/strong> desde hace m\u00e1s de <strong>16 a\u00f1os<\/strong> provee soluciones de ingenier\u00eda el\u00e9ctrica con personal especializado, capacitado y certificado constantemente para ofrecer soluciones de la m\u00e1s alta calidad a nuestros clientes de las industrias petrolera, petroqu\u00edmicas, qu\u00edmicas, gasoductos, refiner\u00edas, gas natural, transportes di\u00e9sel, ferroviario, compa\u00f1\u00edas de generaci\u00f3n y distribuci\u00f3n de energ\u00eda.<\/span><\/p><p><span style=\"font-weight: 400;\">Conoce las historias de \u00e9xito de clientes VMS que han tenido resultados significativos y que demuestran el potencial de nuestros productos y servicios, as\u00ed como distintos recursos que tenemos disponibles.<\/span><\/p>\t\t\t\t\t\t\t\t<\/div>\n\t\t\t\t<\/div>\n\t\t\t\t\t<\/div>\n\t\t<\/div>\n\t\t\t\t\t<\/div>\n\t\t<\/section>\n\t\t\t\t<div class=\"elementor-element elementor-element-3cfa8b66 elementor-widget-divider--view-line elementor-widget elementor-widget-divider\" data-id=\"3cfa8b66\" data-element_type=\"widget\" data-e-type=\"widget\" data-settings=\"{&quot;motion_fx_motion_fx_scrolling&quot;:&quot;yes&quot;,&quot;motion_fx_scale_effect&quot;:&quot;yes&quot;,&quot;motion_fx_scale_direction&quot;:&quot;in-out&quot;,&quot;motion_fx_scale_speed&quot;:{&quot;unit&quot;:&quot;px&quot;,&quot;size&quot;:&quot;-10&quot;,&quot;sizes&quot;:[]},&quot;motion_fx_scale_range&quot;:{&quot;unit&quot;:&quot;%&quot;,&quot;size&quot;:&quot;&quot;,&quot;sizes&quot;:{&quot;start&quot;:&quot;0&quot;,&quot;end&quot;:&quot;30&quot;}},&quot;motion_fx_devices&quot;:[&quot;desktop&quot;,&quot;tablet&quot;,&quot;mobile&quot;]}\" data-widget_type=\"divider.default\">\n\t\t\t\t<div class=\"elementor-widget-container\">\n\t\t\t\t\t\t\t<div class=\"elementor-divider\">\n\t\t\t<span class=\"elementor-divider-separator\">\n\t\t\t\t\t\t<\/span>\n\t\t<\/div>\n\t\t\t\t\t\t<\/div>\n\t\t\t\t<\/div>\n\t\t\t\t<section data-particle_enable=\"false\" data-particle-mobile-disabled=\"false\" class=\"elementor-section elementor-inner-section elementor-element elementor-element-69ef919d elementor-section-boxed elementor-section-height-default elementor-section-height-default\" data-id=\"69ef919d\" data-element_type=\"section\" data-e-type=\"section\">\n\t\t\t\t\t\t<div class=\"elementor-container elementor-column-gap-default\">\n\t\t\t\t\t<div class=\"elementor-column elementor-col-100 elementor-inner-column elementor-element elementor-element-38dfeae5\" data-id=\"38dfeae5\" data-element_type=\"column\" data-e-type=\"column\">\n\t\t\t<div class=\"elementor-widget-wrap elementor-element-populated\">\n\t\t\t\t\t\t<div class=\"elementor-element elementor-element-9a7e637 elementor-grid-3 elementor-grid-tablet-2 elementor-grid-mobile-1 elementor-posts--thumbnail-top elementor-card-shadow-yes elementor-posts__hover-gradient elementor-widget elementor-widget-posts\" data-id=\"9a7e637\" data-element_type=\"widget\" data-e-type=\"widget\" data-settings=\"{&quot;cards_row_gap&quot;:{&quot;unit&quot;:&quot;px&quot;,&quot;size&quot;:40,&quot;sizes&quot;:[]},&quot;cards_columns&quot;:&quot;3&quot;,&quot;cards_columns_tablet&quot;:&quot;2&quot;,&quot;cards_columns_mobile&quot;:&quot;1&quot;,&quot;cards_row_gap_tablet&quot;:{&quot;unit&quot;:&quot;px&quot;,&quot;size&quot;:&quot;&quot;,&quot;sizes&quot;:[]},&quot;cards_row_gap_mobile&quot;:{&quot;unit&quot;:&quot;px&quot;,&quot;size&quot;:&quot;&quot;,&quot;sizes&quot;:[]}}\" data-widget_type=\"posts.cards\">\n\t\t\t\t<div class=\"elementor-widget-container\">\n\t\t\t\t\t\t\t<div class=\"elementor-posts-container elementor-posts elementor-posts--skin-cards elementor-grid\" role=\"list\">\n\t\t\t\t<article class=\"elementor-post elementor-grid-item post-4179 post type-post status-publish format-standard has-post-thumbnail hentry category-blog\" role=\"listitem\">\n\t\t\t<div class=\"elementor-post__card\">\n\t\t\t\t<a class=\"elementor-post__thumbnail__link\" href=\"https:\/\/vmsenergy.com\/en\/la-importancia-de-los-tableros\/\" tabindex=\"-1\" ><div class=\"elementor-post__thumbnail\"><img fetchpriority=\"high\" decoding=\"async\" width=\"2048\" height=\"1365\" src=\"https:\/\/vmsenergy.com\/wp-content\/uploads\/2026\/04\/Imagen1.webp\" class=\"attachment-full size-full wp-image-4185\" alt=\"\" srcset=\"https:\/\/vmsenergy.com\/wp-content\/uploads\/2026\/04\/Imagen1.webp 2048w, https:\/\/vmsenergy.com\/wp-content\/uploads\/2026\/04\/Imagen1-300x200.webp 300w, https:\/\/vmsenergy.com\/wp-content\/uploads\/2026\/04\/Imagen1-1024x683.webp 1024w, https:\/\/vmsenergy.com\/wp-content\/uploads\/2026\/04\/Imagen1-768x512.webp 768w, https:\/\/vmsenergy.com\/wp-content\/uploads\/2026\/04\/Imagen1-1536x1024.webp 1536w, https:\/\/vmsenergy.com\/wp-content\/uploads\/2026\/04\/Imagen1-18x12.webp 18w\" sizes=\"(max-width: 2048px) 100vw, 2048px\" \/><\/div><\/a>\n\t\t\t\t<div class=\"elementor-post__text\">\n\t\t\t\t<h3 class=\"elementor-post__title\">\n\t\t\t<a href=\"https:\/\/vmsenergy.com\/en\/la-importancia-de-los-tableros\/\" >\n\t\t\t\tLA IMPORTANCIA DE LOS TABLEROS DE DISTRIBUCI\u00d3N EN LOS SISTEMAS EL\u00c9CTRICOS\t\t\t<\/a>\n\t\t<\/h3>\n\t\t\t\t<div class=\"elementor-post__excerpt\">\n\t\t\t<p>VMS Energy &middot; Blog Tableros de Distribucion Electrica: importancia, seguridad y eficiencia en sistemas industriales Una guia clara para entender su funcion, beneficios, criterios de seleccion y el impacto que tienen en la continuidad operativa de una planta. Leer articulo Solicitar asesoria La base operativa de un sistema electrico confiable En cualquier instalacion industrial, comercial<\/p>\n\t\t<\/div>\n\t\t\t\t\t<div class=\"elementor-post__read-more-wrapper\">\n\t\t\n\t\t<a class=\"elementor-post__read-more\" href=\"https:\/\/vmsenergy.com\/en\/la-importancia-de-los-tableros\/\" aria-label=\"Read more about LA IMPORTANCIA DE LOS TABLEROS DE DISTRIBUCI\u00d3N EN LOS SISTEMAS EL\u00c9CTRICOS\" tabindex=\"-1\" >\n\t\t\tLeer m\u00e1s \u00bb\t\t<\/a>\n\n\t\t\t\t\t<\/div>\n\t\t\t\t<\/div>\n\t\t\t\t\t<\/div>\n\t\t<\/article>\n\t\t\t\t<article class=\"elementor-post elementor-grid-item post-4158 post type-post status-publish format-standard has-post-thumbnail hentry category-blog\" role=\"listitem\">\n\t\t\t<div class=\"elementor-post__card\">\n\t\t\t\t<a class=\"elementor-post__thumbnail__link\" href=\"https:\/\/vmsenergy.com\/en\/variadores-en-la-industria-minera\/\" tabindex=\"-1\" ><div class=\"elementor-post__thumbnail\"><img decoding=\"async\" width=\"1536\" height=\"1024\" src=\"https:\/\/vmsenergy.com\/wp-content\/uploads\/2026\/03\/hero_blog_aplicaciones_mineras-1.png\" class=\"attachment-full size-full wp-image-4167\" alt=\"\" srcset=\"https:\/\/vmsenergy.com\/wp-content\/uploads\/2026\/03\/hero_blog_aplicaciones_mineras-1.png 1536w, https:\/\/vmsenergy.com\/wp-content\/uploads\/2026\/03\/hero_blog_aplicaciones_mineras-1-300x200.png 300w, https:\/\/vmsenergy.com\/wp-content\/uploads\/2026\/03\/hero_blog_aplicaciones_mineras-1-1024x683.png 1024w, https:\/\/vmsenergy.com\/wp-content\/uploads\/2026\/03\/hero_blog_aplicaciones_mineras-1-768x512.png 768w, https:\/\/vmsenergy.com\/wp-content\/uploads\/2026\/03\/hero_blog_aplicaciones_mineras-1-18x12.png 18w\" sizes=\"(max-width: 1536px) 100vw, 1536px\" \/><\/div><\/a>\n\t\t\t\t<div class=\"elementor-post__text\">\n\t\t\t\t<h3 class=\"elementor-post__title\">\n\t\t\t<a href=\"https:\/\/vmsenergy.com\/en\/variadores-en-la-industria-minera\/\" >\n\t\t\t\tVariadores en la Industria Minera\t\t\t<\/a>\n\t\t<\/h3>\n\t\t\t\t<div class=\"elementor-post__excerpt\">\n\t\t\t<p>&nbsp; &nbsp; VMS Energy \u00b7 Blog Tecnico Variadores en la Industria Minera Guia tecnica para seleccionar, dimensionar y operar variadores de frecuencia en mineria con foco en continuidad, seguridad y eficiencia energetica. Solicitar evaluacion tecnica Ver articulo original Inicio \/ Blog \/ Variadores en la Industria Minera Indice del articulo Resumen Ejecutivo Aplicaciones Mineras Donde<\/p>\n\t\t<\/div>\n\t\t\t\t\t<div class=\"elementor-post__read-more-wrapper\">\n\t\t\n\t\t<a class=\"elementor-post__read-more\" href=\"https:\/\/vmsenergy.com\/en\/variadores-en-la-industria-minera\/\" aria-label=\"Read more about Variadores en la Industria Minera\" tabindex=\"-1\" >\n\t\t\tLeer m\u00e1s \u00bb\t\t<\/a>\n\n\t\t\t\t\t<\/div>\n\t\t\t\t<\/div>\n\t\t\t\t\t<\/div>\n\t\t<\/article>\n\t\t\t\t<article class=\"elementor-post elementor-grid-item post-3954 post type-post status-publish format-standard has-post-thumbnail hentry category-blog\" role=\"listitem\">\n\t\t\t<div class=\"elementor-post__card\">\n\t\t\t\t<a class=\"elementor-post__thumbnail__link\" href=\"https:\/\/vmsenergy.com\/en\/subestacion-electrica-industrial\/\" tabindex=\"-1\" ><div class=\"elementor-post__thumbnail\"><img decoding=\"async\" width=\"1248\" height=\"740\" src=\"https:\/\/vmsenergy.com\/wp-content\/uploads\/2026\/01\/Gemini_Generated_Image_2253z92253z92253-1.png\" class=\"attachment-full size-full wp-image-3955\" alt=\"\" srcset=\"https:\/\/vmsenergy.com\/wp-content\/uploads\/2026\/01\/Gemini_Generated_Image_2253z92253z92253-1.png 1248w, https:\/\/vmsenergy.com\/wp-content\/uploads\/2026\/01\/Gemini_Generated_Image_2253z92253z92253-1-300x178.png 300w, https:\/\/vmsenergy.com\/wp-content\/uploads\/2026\/01\/Gemini_Generated_Image_2253z92253z92253-1-1024x607.png 1024w, https:\/\/vmsenergy.com\/wp-content\/uploads\/2026\/01\/Gemini_Generated_Image_2253z92253z92253-1-768x455.png 768w, https:\/\/vmsenergy.com\/wp-content\/uploads\/2026\/01\/Gemini_Generated_Image_2253z92253z92253-1-18x12.png 18w\" sizes=\"(max-width: 1248px) 100vw, 1248px\" \/><\/div><\/a>\n\t\t\t\t<div class=\"elementor-post__text\">\n\t\t\t\t<h3 class=\"elementor-post__title\">\n\t\t\t<a href=\"https:\/\/vmsenergy.com\/en\/subestacion-electrica-industrial\/\" >\n\t\t\t\tSubestaci\u00f3n El\u00e9ctrica Industrial\t\t\t<\/a>\n\t\t<\/h3>\n\t\t\t\t<div class=\"elementor-post__excerpt\">\n\t\t\t<p>La modernizaci\u00f3n de una subestaci\u00f3n el\u00e9ctrica industrial no es un proyecto de sustituci\u00f3n de equipos, sino una decisi\u00f3n estrat\u00e9gica que impacta directamente en la continuidad operativa, el riesgo t\u00e9cnico y el desempe\u00f1o financiero del activo.En esta gu\u00eda abordamos c\u00f3mo evaluar una subestaci\u00f3n desde una l\u00f3gica integral \u2014infraestructura, criterios t\u00e9cnicos y ruta de ejecuci\u00f3n\u2014 para identificar<\/p>\n\t\t<\/div>\n\t\t\t\t\t<div class=\"elementor-post__read-more-wrapper\">\n\t\t\n\t\t<a class=\"elementor-post__read-more\" href=\"https:\/\/vmsenergy.com\/en\/subestacion-electrica-industrial\/\" aria-label=\"Read more about Subestaci\u00f3n El\u00e9ctrica Industrial\" tabindex=\"-1\" >\n\t\t\tLeer m\u00e1s \u00bb\t\t<\/a>\n\n\t\t\t\t\t<\/div>\n\t\t\t\t<\/div>\n\t\t\t\t\t<\/div>\n\t\t<\/article>\n\t\t\t\t<article class=\"elementor-post elementor-grid-item post-3403 post type-post status-publish format-standard has-post-thumbnail hentry category-blog tag-caso-de-exito\" role=\"listitem\">\n\t\t\t<div class=\"elementor-post__card\">\n\t\t\t\t<a class=\"elementor-post__thumbnail__link\" href=\"https:\/\/vmsenergy.com\/en\/caso-de-exito-ctg-chankanaab\/\" tabindex=\"-1\" ><div class=\"elementor-post__thumbnail\"><img loading=\"lazy\" decoding=\"async\" width=\"1920\" height=\"1080\" src=\"https:\/\/vmsenergy.com\/wp-content\/uploads\/2024\/10\/FOTO-MAIN-CASOEXITOTABLEROS.jpg\" class=\"attachment-full size-full wp-image-3404\" alt=\"\" srcset=\"https:\/\/vmsenergy.com\/wp-content\/uploads\/2024\/10\/FOTO-MAIN-CASOEXITOTABLEROS.jpg 1920w, https:\/\/vmsenergy.com\/wp-content\/uploads\/2024\/10\/FOTO-MAIN-CASOEXITOTABLEROS-300x169.jpg 300w, https:\/\/vmsenergy.com\/wp-content\/uploads\/2024\/10\/FOTO-MAIN-CASOEXITOTABLEROS-1024x576.jpg 1024w, https:\/\/vmsenergy.com\/wp-content\/uploads\/2024\/10\/FOTO-MAIN-CASOEXITOTABLEROS-768x432.jpg 768w, https:\/\/vmsenergy.com\/wp-content\/uploads\/2024\/10\/FOTO-MAIN-CASOEXITOTABLEROS-1536x864.jpg 1536w, https:\/\/vmsenergy.com\/wp-content\/uploads\/2024\/10\/FOTO-MAIN-CASOEXITOTABLEROS-18x10.jpg 18w\" sizes=\"(max-width: 1920px) 100vw, 1920px\" \/><\/div><\/a>\n\t\t\t\t<div class=\"elementor-post__text\">\n\t\t\t\t<h3 class=\"elementor-post__title\">\n\t\t\t<a href=\"https:\/\/vmsenergy.com\/en\/caso-de-exito-ctg-chankanaab\/\" >\n\t\t\t\tCASO DE \u00c9XITO: CTG CHANKANAAB\t\t\t<\/a>\n\t\t<\/h3>\n\t\t\t\t<div class=\"elementor-post__excerpt\">\n\t\t\t<p>Dise\u00f1ar y fabricar una soluci\u00f3n de Centros de Control de Motores que se adaptara a las condiciones particulares de la zona, de las instalaciones (pesos, dimensiones) y de la normativas y requerimientos del cliente.<\/p>\n\t\t<\/div>\n\t\t\t\t\t<div class=\"elementor-post__read-more-wrapper\">\n\t\t\n\t\t<a class=\"elementor-post__read-more\" href=\"https:\/\/vmsenergy.com\/en\/caso-de-exito-ctg-chankanaab\/\" aria-label=\"Read more about CASO DE \u00c9XITO: CTG CHANKANAAB\" tabindex=\"-1\" >\n\t\t\tLeer m\u00e1s \u00bb\t\t<\/a>\n\n\t\t\t\t\t<\/div>\n\t\t\t\t<\/div>\n\t\t\t\t\t<\/div>\n\t\t<\/article>\n\t\t\t\t<article class=\"elementor-post elementor-grid-item post-3400 post type-post status-publish format-standard has-post-thumbnail hentry category-blog tag-caso-de-exito\" role=\"listitem\">\n\t\t\t<div class=\"elementor-post__card\">\n\t\t\t\t<a class=\"elementor-post__thumbnail__link\" href=\"https:\/\/vmsenergy.com\/en\/caso-de-exito-embotelladora-coca-cola-de-colima-2022\/\" tabindex=\"-1\" ><div class=\"elementor-post__thumbnail\"><img loading=\"lazy\" decoding=\"async\" width=\"1920\" height=\"1080\" src=\"https:\/\/vmsenergy.com\/wp-content\/uploads\/2024\/10\/FOTO-MAIN-CASOEXITOEMBOTELLADORA.jpg\" class=\"attachment-full size-full wp-image-3401\" alt=\"\" srcset=\"https:\/\/vmsenergy.com\/wp-content\/uploads\/2024\/10\/FOTO-MAIN-CASOEXITOEMBOTELLADORA.jpg 1920w, https:\/\/vmsenergy.com\/wp-content\/uploads\/2024\/10\/FOTO-MAIN-CASOEXITOEMBOTELLADORA-300x169.jpg 300w, https:\/\/vmsenergy.com\/wp-content\/uploads\/2024\/10\/FOTO-MAIN-CASOEXITOEMBOTELLADORA-1024x576.jpg 1024w, https:\/\/vmsenergy.com\/wp-content\/uploads\/2024\/10\/FOTO-MAIN-CASOEXITOEMBOTELLADORA-768x432.jpg 768w, https:\/\/vmsenergy.com\/wp-content\/uploads\/2024\/10\/FOTO-MAIN-CASOEXITOEMBOTELLADORA-1536x864.jpg 1536w, https:\/\/vmsenergy.com\/wp-content\/uploads\/2024\/10\/FOTO-MAIN-CASOEXITOEMBOTELLADORA-18x10.jpg 18w\" sizes=\"(max-width: 1920px) 100vw, 1920px\" \/><\/div><\/a>\n\t\t\t\t<div class=\"elementor-post__text\">\n\t\t\t\t<h3 class=\"elementor-post__title\">\n\t\t\t<a href=\"https:\/\/vmsenergy.com\/en\/caso-de-exito-embotelladora-coca-cola-de-colima-2022\/\" >\n\t\t\t\tCASO DE \u00c9XITO: EMBOTELLADORA DE COLIMA, 2022\t\t\t<\/a>\n\t\t<\/h3>\n\t\t\t\t<div class=\"elementor-post__excerpt\">\n\t\t\t<p>Se realiz\u00f3 un levantamiento en campo para verificar datos de placa, distancias, permisivos y condiciones en general, dando como resultado la selecci\u00f3n de un Variador de Velocidad, el cual mejor\u00f3 el desempe\u00f1o del equipo a trav\u00e9s de los modos de control PID.<\/p>\n\t\t<\/div>\n\t\t\t\t\t<div class=\"elementor-post__read-more-wrapper\">\n\t\t\n\t\t<a class=\"elementor-post__read-more\" href=\"https:\/\/vmsenergy.com\/en\/caso-de-exito-embotelladora-coca-cola-de-colima-2022\/\" aria-label=\"Read more about CASO DE \u00c9XITO: EMBOTELLADORA DE COLIMA, 2022\" tabindex=\"-1\" >\n\t\t\tLeer m\u00e1s \u00bb\t\t<\/a>\n\n\t\t\t\t\t<\/div>\n\t\t\t\t<\/div>\n\t\t\t\t\t<\/div>\n\t\t<\/article>\n\t\t\t\t<article class=\"elementor-post elementor-grid-item post-3395 post type-post status-publish format-standard has-post-thumbnail hentry category-blog\" role=\"listitem\">\n\t\t\t<div class=\"elementor-post__card\">\n\t\t\t\t<a class=\"elementor-post__thumbnail__link\" href=\"https:\/\/vmsenergy.com\/en\/mantenimiento-y-reparacion-de-subestaciones-electricas-at-mt-y-bt-en-mexico\/\" tabindex=\"-1\" ><div class=\"elementor-post__thumbnail\"><img loading=\"lazy\" decoding=\"async\" width=\"1920\" height=\"1080\" src=\"https:\/\/vmsenergy.com\/wp-content\/uploads\/2024\/10\/FOTO-MAIN-BLOGOCT24-1.jpg\" class=\"attachment-full size-full wp-image-3396\" alt=\"\" srcset=\"https:\/\/vmsenergy.com\/wp-content\/uploads\/2024\/10\/FOTO-MAIN-BLOGOCT24-1.jpg 1920w, https:\/\/vmsenergy.com\/wp-content\/uploads\/2024\/10\/FOTO-MAIN-BLOGOCT24-1-300x169.jpg 300w, https:\/\/vmsenergy.com\/wp-content\/uploads\/2024\/10\/FOTO-MAIN-BLOGOCT24-1-1024x576.jpg 1024w, https:\/\/vmsenergy.com\/wp-content\/uploads\/2024\/10\/FOTO-MAIN-BLOGOCT24-1-768x432.jpg 768w, https:\/\/vmsenergy.com\/wp-content\/uploads\/2024\/10\/FOTO-MAIN-BLOGOCT24-1-1536x864.jpg 1536w, https:\/\/vmsenergy.com\/wp-content\/uploads\/2024\/10\/FOTO-MAIN-BLOGOCT24-1-18x10.jpg 18w\" sizes=\"(max-width: 1920px) 100vw, 1920px\" \/><\/div><\/a>\n\t\t\t\t<div class=\"elementor-post__text\">\n\t\t\t\t<h3 class=\"elementor-post__title\">\n\t\t\t<a href=\"https:\/\/vmsenergy.com\/en\/mantenimiento-y-reparacion-de-subestaciones-electricas-at-mt-y-bt-en-mexico\/\" >\n\t\t\t\tMANTENIMIENTO Y REPARACI\u00d3N DE SUBESTACIONES EL\u00c9CTRICAS AT, MT Y BT EN M\u00c9XICO\t\t\t<\/a>\n\t\t<\/h3>\n\t\t\t\t<div class=\"elementor-post__excerpt\">\n\t\t\t<p>El mantenimiento y reparaci\u00f3n de subestaciones el\u00e9ctricas de alta tensi\u00f3n (AT), media tensi\u00f3n (MT) y baja tensi\u00f3n (BT) en M\u00e9xico son componentes esenciales para garantizar la estabilidad y confiabilidad del sistema el\u00e9ctrico en el pa\u00eds. Las subestaciones el\u00e9ctricas son puntos cr\u00edticos dentro de la infraestructura energ\u00e9tica, ya que permiten la transformaci\u00f3n y distribuci\u00f3n de energ\u00eda desde las grandes generadoras hasta los usuarios finales.<\/p>\n\t\t<\/div>\n\t\t\t\t\t<div class=\"elementor-post__read-more-wrapper\">\n\t\t\n\t\t<a class=\"elementor-post__read-more\" href=\"https:\/\/vmsenergy.com\/en\/mantenimiento-y-reparacion-de-subestaciones-electricas-at-mt-y-bt-en-mexico\/\" aria-label=\"Read more about MANTENIMIENTO Y REPARACI\u00d3N DE SUBESTACIONES EL\u00c9CTRICAS AT, MT Y BT EN M\u00c9XICO\" tabindex=\"-1\" >\n\t\t\tLeer m\u00e1s \u00bb\t\t<\/a>\n\n\t\t\t\t\t<\/div>\n\t\t\t\t<\/div>\n\t\t\t\t\t<\/div>\n\t\t<\/article>\n\t\t\t\t<\/div>\n\t\t\n\t\t\t\t\t\t<\/div>\n\t\t\t\t<\/div>\n\t\t\t\t\t<\/div>\n\t\t<\/div>\n\t\t\t\t\t<\/div>\n\t\t<\/section>\n\t\t\t\t\t<\/div>\n\t\t<\/div>\n\t\t\t\t\t<\/div>\n\t\t<\/section>\n\t\t\t\t<\/div>\n\t\t","protected":false},"excerpt":{"rendered":"<p>Nuestro Blog VMS Energy desde hace m\u00e1s de 16 a\u00f1os provee soluciones de ingenier\u00eda el\u00e9ctrica con personal especializado, capacitado y certificado constantemente para ofrecer soluciones de la m\u00e1s alta calidad a nuestros clientes de las industrias petrolera, petroqu\u00edmicas, qu\u00edmicas, gasoductos, refiner\u00edas, gas natural, transportes di\u00e9sel, ferroviario, compa\u00f1\u00edas de generaci\u00f3n y distribuci\u00f3n de energ\u00eda. Conoce las &#8230; <a title=\"MAINTENANCE AND REPAIR OF AT, MV AND BT ELECTRICAL SUBSTATIONS IN MEXICO\" class=\"read-more\" href=\"https:\/\/vmsenergy.com\/en\/mantenimiento-y-reparacion-de-subestaciones-electricas-at-mt-y-bt-en-mexico\/\" aria-label=\"Read more about MANTENIMIENTO Y REPARACI\u00d3N DE SUBESTACIONES EL\u00c9CTRICAS AT, MT Y BT EN M\u00c9XICO\">Leer m\u00e1s<\/a><\/p>","protected":false},"author":1,"featured_media":0,"parent":0,"menu_order":0,"comment_status":"closed","ping_status":"closed","template":"elementor_header_footer","meta":{"_acf_changed":false,"_joinchat":{"message_text":"\u00a1Hola! \ud83d\udc4b\n\u00bfEn qu\u00e9 podemos ayudarte?"},"footnotes":""},"class_list":["post-29","page","type-page","status-publish","hentry"],"acf":[],"_links":{"self":[{"href":"https:\/\/vmsenergy.com\/en\/wp-json\/wp\/v2\/pages\/29","targetHints":{"allow":["GET"]}}],"collection":[{"href":"https:\/\/vmsenergy.com\/en\/wp-json\/wp\/v2\/pages"}],"about":[{"href":"https:\/\/vmsenergy.com\/en\/wp-json\/wp\/v2\/types\/page"}],"author":[{"embeddable":true,"href":"https:\/\/vmsenergy.com\/en\/wp-json\/wp\/v2\/users\/1"}],"replies":[{"embeddable":true,"href":"https:\/\/vmsenergy.com\/en\/wp-json\/wp\/v2\/comments?post=29"}],"version-history":[{"count":6,"href":"https:\/\/vmsenergy.com\/en\/wp-json\/wp\/v2\/pages\/29\/revisions"}],"predecessor-version":[{"id":4177,"href":"https:\/\/vmsenergy.com\/en\/wp-json\/wp\/v2\/pages\/29\/revisions\/4177"}],"wp:attachment":[{"href":"https:\/\/vmsenergy.com\/en\/wp-json\/wp\/v2\/media?parent=29"}],"curies":[{"name":"wp","href":"https:\/\/api.w.org\/{rel}","templated":true}]}}